{"id":1085,"date":"2019-06-17T23:21:56","date_gmt":"2019-06-18T04:21:56","guid":{"rendered":"http:\/\/www.josianneraymond.com\/wp\/?page_id=1085"},"modified":"2026-04-08T17:47:03","modified_gmt":"2026-04-08T17:47:03","slug":"accueil","status":"publish","type":"page","link":"https:\/\/acupunctureetlaser.com\/en\/","title":{"rendered":"Accueil"},"content":{"rendered":"<div class=\"wp-block-image\">\n<figure class=\"aligncenter is-resized\"><img loading=\"lazy\" decoding=\"async\" width=\"828\" height=\"1024\" src=\"http:\/\/acupunctureetlaser.com\/wp-content\/uploads\/2020\/02\/Pro2-828x1024.jpg\" alt=\"\" class=\"wp-image-1113\" style=\"width:196px;height:242px\" srcset=\"https:\/\/acupunctureetlaser.com\/wp-content\/uploads\/2020\/02\/Pro2-828x1024.jpg 828w, https:\/\/acupunctureetlaser.com\/wp-content\/uploads\/2020\/02\/Pro2-243x300.jpg 243w, https:\/\/acupunctureetlaser.com\/wp-content\/uploads\/2020\/02\/Pro2-768x950.jpg 768w, https:\/\/acupunctureetlaser.com\/wp-content\/uploads\/2020\/02\/Pro2-1242x1536.jpg 1242w, https:\/\/acupunctureetlaser.com\/wp-content\/uploads\/2020\/02\/Pro2-1657x2048.jpg 1657w, https:\/\/acupunctureetlaser.com\/wp-content\/uploads\/2020\/02\/Pro2-1200x1484.jpg 1200w, https:\/\/acupunctureetlaser.com\/wp-content\/uploads\/2020\/02\/Pro2.jpg 1811w\" sizes=\"auto, (max-width: 828px) 100vw, 828px\" \/><\/figure>\n<\/div>\n\n\n<p>J&rsquo;ai l&rsquo;immense bonheur de vous informer que l&rsquo;ouverture d&rsquo;une clinique d&rsquo;acupuncture verra le jour dans quelques semaines \u00e0 Vimont, tout pr\u00e8s de l&rsquo;h\u00f4pital Cit\u00e9-de-la-Sant\u00e9! Ouverture pr\u00e9vue: \u00e9t\u00e9 2026 !<\/p>\n\n\n\n<p class=\"has-text-align-center\">Depuis plus de 20 ans que <strong>Josianne Raymond<\/strong> s&rsquo;int\u00e9resse aux m\u00e9canismes du corps humains, toujours \u00e0 la recherche de techniques diversifi\u00e9es dans un seul but: d&rsquo;am\u00e9liorer l&rsquo;\u00e9tat g\u00e9n\u00e9ral et la sant\u00e9 de ceux et celles qui la rencontrent. Elle est dipl\u00f4m\u00e9e en acupuncture du <em>Coll\u00e8ge Rosemont<\/em> (Montr\u00e9al), membre de l&rsquo;<strong>Ordre des Acupuncteurs<\/strong> <strong>du Qu\u00e9bec<\/strong> et de l&rsquo;<strong>Association des Acupuncteurs du Qu\u00e9bec<\/strong>.<\/p>\n\n\n\n<p class=\"has-text-align-center\">Son approche douce et accueillante vous permettra d&rsquo;appr\u00e9cier votre traitement dans le confort et la d\u00e9tente. Elle a une exp\u00e9rience de traitements diversifi\u00e9s et un grand int\u00e9r\u00eat pour les traitements avec les b\u00e9b\u00e9s et les enfants, ainsi que pour les douleurs sportives, tout en optimisant les performances. <\/p>\n\n\n\n<p class=\"has-text-align-center\"><strong>Pour consultations \u00e0 Vimont ou Duvernay, Laval<\/strong><\/p>\n\n\n\n<p class=\"has-text-align-center has-text-color has-background has-medium-font-size\" style=\"color:#125702;background-color:#e0f7db\"> <a href=\"https:\/\/www.gorendezvous.com\/espaceluna\" data-type=\"link\" data-id=\"https:\/\/www.gorendezvous.com\/espaceluna\">Prise&nbsp;de&nbsp;rendez-vous&nbsp;en&nbsp;ligne, cliquez ici<\/a><\/p>\n\n\n\n<p>Soifs de connaissances et de nouvelles techniques pour vous offrir des traitements adapt\u00e9s et efficaces, voici la liste des formations continues qu&rsquo;elle a compl\u00e9t\u00e9 et celles qui viendront prochainement.<\/p>\n\n\n\n<div class=\"wp-block-group\"><div class=\"wp-block-group__inner-container is-layout-flow wp-block-group-is-layout-flow\">\n<h2 class=\"wp-block-heading has-text-align-center\">          Formations continues <\/h2>\n\n\n\n<p class=\"has-text-align-center\"><\/p>\n\n\n\n<p class=\"has-text-align-center\"><strong>202<\/strong>5<\/p>\n\n\n\n<ul class=\"wp-block-list\">\n<li>Formation en acupuncture sportive Synergie avec Val\u00e9rie Truong<\/li>\n<\/ul>\n\n\n\n<p class=\"has-text-align-center\"><strong>2024<\/strong><\/p>\n\n\n\n<ul class=\"wp-block-list\">\n<li>Formation en auriculoth\u00e9rapie m\u00e9dicale avec le neurologue Dr Alimi<\/li>\n<\/ul>\n\n\n\n<p class=\"has-text-align-center\"><strong>2023<\/strong><\/p>\n\n\n\n<ul class=\"wp-block-list\">\n<li>Traiter la douleur par les m\u00e9ridiens tendino-musculaires, Institut Francoeur<\/li>\n<\/ul>\n\n\n\n<div class=\"wp-block-group\"><div class=\"wp-block-group__inner-container is-layout-constrained wp-block-group-is-layout-constrained\">\n<h6 class=\"wp-block-heading has-text-align-center\">2021<\/h6>\n\n\n\n<ul class=\"wp-block-list\">\n<li>Pediatric Essentials &#8211; Robin Ray Green<\/li>\n\n\n\n<li>Pediatric Functional Medicine &#8211; Dr. Elisa Song<\/li>\n\n\n\n<li>Pediatric Tuina Basics &#8211; Robin Ray Green<\/li>\n\n\n\n<li>Paediatric masterclass, non needle methods for mental\/emotional health &#8211; Rebecca Avern<\/li>\n\n\n\n<li>Obst\u00e9trique, de la grossesse au post-partum &#8211; Cercle d&rsquo;arts Th\u00e9rapeutique (A. Lesquelin)<\/li>\n\n\n\n<li>Laser acupuncture in pediatrics &#8211; Dr. Med. Michael Weber, M.D.<\/li>\n\n\n\n<li>Laser acupuncture in TCM &#8211; Dr. Med. Michael Weber, M.D.<\/li>\n<\/ul>\n<\/div><\/div>\n\n\n\n<p class=\"has-text-align-center\"><strong>2020<\/strong><\/p>\n\n\n\n<ul class=\"wp-block-list\">\n<li>A Shonishin protocol for infants and toddlers &#8211; Jake Fratkin<\/li>\n\n\n\n<li>Formation sur les 5 \u00e9l\u00e9ments &#8211; Bois &#8211; Institut Francoeur<\/li>\n\n\n\n<li>An evidenced-based approach to herb-drug interactions &#8211; Dr. Greg Sperber<\/li>\n<\/ul>\n\n\n\n<p class=\"has-text-align-center\"><strong>2019<\/strong><\/p>\n\n\n\n<ul class=\"wp-block-list\">\n<li>Laser th\u00e9rapeutique 1 &#8211; Institut Francoeur<\/li>\n\n\n\n<li>Laser th\u00e9rapeutique 2 &#8211; Institut Francoeur<\/li>\n\n\n\n<li>Acupuncture esth\u00e9tique &#8211; Monique Maranda Ac.<\/li>\n\n\n\n<li>Ventouses (cupping) &#8211; Bruce Bentley, Health Traditions<\/li>\n\n\n\n<li>Crise des opio\u00efdes &#8211; l&rsquo;acupuncture, une solution non pharmaceutique dans la gestion de la douleur &#8211; 9e Colloque de l&rsquo;Ordre des Acupuncteurs du Qu\u00e9bec<\/li>\n\n\n\n<li>Certification en Laser Th\u00e9rapeutique &#8211; Bioflex Laser Therapy<\/li>\n<\/ul>\n<\/div><\/div>\n\n\n\n<h2 class=\"wp-block-heading\"><\/h2>\n\n\n\n<p><\/p>","protected":false},"excerpt":{"rendered":"<p>J&rsquo;ai l&rsquo;immense bonheur de vous informer que l&rsquo;ouverture d&rsquo;une clinique d&rsquo;acupuncture verra le jour dans quelques semaines \u00e0 Vimont, tout pr\u00e8s de l&rsquo;h\u00f4pital Cit\u00e9-de-la-Sant\u00e9! Ouverture pr\u00e9vue: \u00e9t\u00e9 2026 ! Depuis plus de 20 ans que Josianne Raymond s&rsquo;int\u00e9resse aux m\u00e9canismes du corps humains, toujours \u00e0 la recherche de techniques diversifi\u00e9es dans un seul but: d&rsquo;am\u00e9liorer &hellip; <a href=\"https:\/\/acupunctureetlaser.com\/en\/\" class=\"more-link\">Continue reading <span class=\"screen-reader-text\">Accueil<\/span> <span class=\"meta-nav\">&rarr;<\/span><\/a><\/p>","protected":false},"author":1,"featured_media":0,"parent":0,"menu_order":0,"comment_status":"closed","ping_status":"closed","template":"","meta":{"footnotes":""},"class_list":["post-1085","page","type-page","status-publish","hentry"],"_links":{"self":[{"href":"https:\/\/acupunctureetlaser.com\/en\/wp-json\/wp\/v2\/pages\/1085","targetHints":{"allow":["GET"]}}],"collection":[{"href":"https:\/\/acupunctureetlaser.com\/en\/wp-json\/wp\/v2\/pages"}],"about":[{"href":"https:\/\/acupunctureetlaser.com\/en\/wp-json\/wp\/v2\/types\/page"}],"author":[{"embeddable":true,"href":"https:\/\/acupunctureetlaser.com\/en\/wp-json\/wp\/v2\/users\/1"}],"replies":[{"embeddable":true,"href":"https:\/\/acupunctureetlaser.com\/en\/wp-json\/wp\/v2\/comments?post=1085"}],"version-history":[{"count":24,"href":"https:\/\/acupunctureetlaser.com\/en\/wp-json\/wp\/v2\/pages\/1085\/revisions"}],"predecessor-version":[{"id":1430,"href":"https:\/\/acupunctureetlaser.com\/en\/wp-json\/wp\/v2\/pages\/1085\/revisions\/1430"}],"wp:attachment":[{"href":"https:\/\/acupunctureetlaser.com\/en\/wp-json\/wp\/v2\/media?parent=1085"}],"curies":[{"name":"wp","href":"https:\/\/api.w.org\/{rel}","templated":true}]}}