{"id":57,"date":"2011-01-26T16:16:53","date_gmt":"2011-01-26T16:16:53","guid":{"rendered":"http:\/\/www.josianneraymond.com\/wp\/?page_id=57"},"modified":"2011-01-26T16:16:53","modified_gmt":"2011-01-26T16:16:53","slug":"contact-us","status":"publish","type":"page","link":"https:\/\/acupunctureetlaser.com\/en\/contact-us\/","title":{"rendered":"Contact \/ Horaire"},"content":{"rendered":"<h4 class=\"wp-block-heading\" style=\"text-align:center\">Clinique d&rsquo;Ost\u00e9opathie Familiale de Laval  <\/h4>\n\n\n\n<p style=\"text-align:center\"><em><strong>Sur rendez-vous seulement <\/strong>                       <\/em><a href=\"https:\/\/www.google.com\/maps\/place\/1722+Boulevard+des+Laurentides,+Vimont,+QC+H7M+2P4\/@45.5976729,-73.7256109,17z\/data=!3m1!4b1!4m5!3m4!1s0x4cc9210d67e0e821:0x884fdc52f2e53f8a!8m2!3d45.5976729!4d-73.7234222\">1722&nbsp;Boul.&nbsp;Des&nbsp;Laurentides,&nbsp;Laval&nbsp;(Vimont), Qu\u00e9bec, &nbsp;H7M&nbsp;2P4<\/a><\/p>\n\n\n\n<p style=\"text-align:left\"><strong>Horaire \u00e0 Laval  <\/strong><\/p>\n\n\n\n<ul class=\"wp-block-list\"><li>Mardi: 16h \u00e0 20h<\/li><li>Mercredi: 9 \u00e0 20h<\/li><li>Vendredi: 10 \u00e0 16h<\/li><li>Samedi: 12h \u00e0 15h30<\/li><\/ul>\n\n\n\n<p><strong>Pour prendre rendez-vous<\/strong> :                                                                                                                    <\/p>\n\n\n\n<ul class=\"wp-block-list\"><li><strong>Prise de rendez-vous en ligne, <\/strong>cliquez sur ces liens: <strong>Acupuncture<\/strong>:  <strong><a href=\"https:\/\/secure.medexa.com\/#\/onlineAppointmentInformation?APIKey=91D4EB9AE5BC49C78BBB4C3DB04D2E08&amp;flowColor=baedb6\"><em>Prise&nbsp;de&nbsp;rendez-vous&nbsp;en&nbsp;ligne<\/em>&nbsp;Acupuncture&nbsp;<\/a><\/strong>                     <br><strong>Massoth\u00e9rapie<\/strong>: <strong><a rel=\"noreferrer noopener\" href=\"https:\/\/www.gorendezvous.com\/josianneraymond\" target=\"_blank\"><em>Prise de rendez-vous en ligne<\/em>&nbsp;Massoth\u00e9rapie<\/a><\/strong> <\/li><\/ul>\n\n\n\n<ul class=\"wp-block-list\"><li> T\u00e9l\u00e9phone: 514 &#8211; 451 &#8211; 4755<\/li><li>Courriel:  acupunctureetlaser@gmail.com <\/li><\/ul>\n\n\n\n<p> Pour <strong>service \u00e0 votre domicile ou en entreprise<\/strong>, me contacter par t\u00e9l\u00e9phone  514-451-4755 ou Courriel acupunctureetlaser@gmail.com<\/p>","protected":false},"excerpt":{"rendered":"<p>Clinique d&rsquo;Ost\u00e9opathie Familiale de Laval Sur rendez-vous seulement 1722&nbsp;Boul.&nbsp;Des&nbsp;Laurentides,&nbsp;Laval&nbsp;(Vimont), Qu\u00e9bec, &nbsp;H7M&nbsp;2P4 Horaire \u00e0 Laval Mardi: 16h \u00e0 20h Mercredi: 9 \u00e0 20h Vendredi: 10 \u00e0 16h Samedi: 12h \u00e0 15h30 Pour prendre rendez-vous : Prise de rendez-vous en ligne, cliquez sur ces liens: Acupuncture: Prise&nbsp;de&nbsp;rendez-vous&nbsp;en&nbsp;ligne&nbsp;Acupuncture&nbsp; Massoth\u00e9rapie: Prise de rendez-vous en ligne&nbsp;Massoth\u00e9rapie T\u00e9l\u00e9phone: 514 &#8211; 451 &hellip; <a href=\"https:\/\/acupunctureetlaser.com\/en\/contact-us\/\" class=\"more-link\">Continue reading <span class=\"screen-reader-text\">Contact \/ Horaire<\/span> <span class=\"meta-nav\">&rarr;<\/span><\/a><\/p>","protected":false},"author":1,"featured_media":0,"parent":0,"menu_order":3,"comment_status":"closed","ping_status":"open","template":"page-contacts.php","meta":{"footnotes":""},"class_list":["post-57","page","type-page","status-publish","hentry"],"_links":{"self":[{"href":"https:\/\/acupunctureetlaser.com\/en\/wp-json\/wp\/v2\/pages\/57","targetHints":{"allow":["GET"]}}],"collection":[{"href":"https:\/\/acupunctureetlaser.com\/en\/wp-json\/wp\/v2\/pages"}],"about":[{"href":"https:\/\/acupunctureetlaser.com\/en\/wp-json\/wp\/v2\/types\/page"}],"author":[{"embeddable":true,"href":"https:\/\/acupunctureetlaser.com\/en\/wp-json\/wp\/v2\/users\/1"}],"replies":[{"embeddable":true,"href":"https:\/\/acupunctureetlaser.com\/en\/wp-json\/wp\/v2\/comments?post=57"}],"version-history":[{"count":0,"href":"https:\/\/acupunctureetlaser.com\/en\/wp-json\/wp\/v2\/pages\/57\/revisions"}],"wp:attachment":[{"href":"https:\/\/acupunctureetlaser.com\/en\/wp-json\/wp\/v2\/media?parent=57"}],"curies":[{"name":"wp","href":"https:\/\/api.w.org\/{rel}","templated":true}]}}